{"id":396,"date":"2023-04-19T09:44:21","date_gmt":"2023-04-19T07:44:21","guid":{"rendered":"http:\/\/jtsbeton.be\/?page_id=396"},"modified":"2023-04-19T12:04:12","modified_gmt":"2023-04-19T10:04:12","slug":"a-quoi-ressemble-un-sol-en-beton-lisse-poli","status":"publish","type":"page","link":"https:\/\/jtsbeton.be\/index.php\/a-quoi-ressemble-un-sol-en-beton-lisse-poli\/","title":{"rendered":"Le B\u00e9ton liss\u00e9\/Poli, c&#8217;est quoi?"},"content":{"rendered":"\n<h2 class=\"wp-block-heading\">Les diff\u00e9rentes techniques<\/h2>\n\n\n\n<p>Le b\u00e9ton coul\u00e9 peut prendre plusieurs formes pour une finition optimale et de qualit\u00e9.  En fonction du type de <strong>polissage<\/strong> ou du type de <strong>brossage<\/strong>, il est possible de donner \u00e0 la surface du b\u00e9ton diverses propri\u00e9t\u00e9s, mais \u00e9galement de lui l&#8217;apparence du <strong>bois<\/strong>, de <strong>pav\u00e9s<\/strong>, de <strong>pierres bleues<\/strong>,&#8230; en utilisant des techniques d&#8217;<strong>impression<\/strong>.  Votre sol en b\u00e9ton peut donc devenir:<\/p>\n\n\n\n<ul class=\"wp-block-list\">\n<li>antid\u00e9rapant<\/li>\n\n\n\n<li>poli mat<\/li>\n\n\n\n<li>brillant<\/li>\n\n\n\n<li>adh\u00e9rant<\/li>\n\n\n\n<li>\u00e9tanche<\/li>\n\n\n\n<li>lisse<\/li>\n\n\n\n<li>&#8230;<\/li>\n<\/ul>\n\n\n<div class=\"wp-block-image\">\n<figure class=\"alignright size-full is-resized\"><img loading=\"lazy\" decoding=\"async\" src=\"http:\/\/jtsbeton.be\/wp-content\/uploads\/2023\/04\/nuances-beton-colore.jpg\" alt=\"\" class=\"wp-image-500\" width=\"305\" height=\"272\" srcset=\"https:\/\/jtsbeton.be\/wp-content\/uploads\/2023\/04\/nuances-beton-colore.jpg 595w, https:\/\/jtsbeton.be\/wp-content\/uploads\/2023\/04\/nuances-beton-colore-300x267.jpg 300w\" sizes=\"auto, (max-width: 305px) 100vw, 305px\" \/><\/figure>\n<\/div>\n\n\n<h2 class=\"wp-block-heading\">Les couleurs<\/h2>\n\n\n\n<p>JTS B\u00e9ton vous offre la possibilit\u00e9 de r\u00e9aliser du <strong>b\u00e9ton color\u00e9<\/strong>. <strong>Gris clair, anthracite, noir, beige, jaune, rouge, vert&#8230;<\/strong>, Il n&#8217;y a plus qu&#8217;\u00e0 choisir !\u00a0Une multitude de couleurs sont possibles, selon vos envies et votre budget.  <strong>Attention cependant, les couleurs indiqu\u00e9es peuvent varier in situ.<\/strong> Nous vous conseillerons au mieux selon vos demandes, mais \u00e9galement selon l&#8217;orientation, l&#8217;usage, les risques,\u2026 pour que vous puissiez \u00eatre enti\u00e8rement satisfait de votre sol en b\u00e9ton une fois le travail achev\u00e9.<\/p>\n\n\n\n<h2 class=\"wp-block-heading\">Et dans quelques ann\u00e9es?<\/h2>\n\n\n\n<p>Les sols en b\u00e9ton liss\u00e9 sont des sols qui &#8220;vivent&#8221;. Ils se patinent avec le temps et attrapent des nuances de couleurs qui vous \u00e9tonneront \u00e0 chaque instant. De micro fissures peuvent appara\u00eetre au s\u00e9chage, certains coins peuvent craquer,&#8230; Il s&#8217;agit d&#8217;un mat\u00e9riaux rapide \u00e0 mettre en oeuvre autrefois plut\u00f4t \u00e0 usage industriel. Pas \u00e9tonnant donc qu&#8217;il en ait toutes les propri\u00e9t\u00e9s: esth\u00e9tique lisse, facilit\u00e9 d&#8217;entretien, nuances brutes, solidit\u00e9, r\u00e9sistance aux t\u00e2ches.<\/p>\n\n\n\n<p>Pour garantir certaines finitions (brillantes, extra mates, imprim\u00e9s,&#8230;) nous appliquons des produits adapt\u00e9s qui maintiendront votre dalle en \u00e9tat le plus longtemps possible, mais ne vous inqui\u00e9tez pas, m\u00eame apr\u00e8s quelques ann\u00e9es et des centaines de passages sur ce rev\u00eatement \u00e0 toute \u00e9preuve, il gardera le c\u00f4t\u00e9 tr\u00e8s authentique et vivant que vous ne trouverez nulle part ailleurs!<\/p>\n\n\n\n<h2 class=\"wp-block-heading\">Du b\u00e9ton \u00e0 l&#8217;int\u00e9rieur et \u00e0 l&#8217;ext\u00e9rieur<\/h2>\n\n\n\n<p>JTS B\u00e9ton b\u00e9tonne tous types de structures :<\/p>\n\n\n\n<ul class=\"wp-block-list\">\n<li>parkings<\/li>\n\n\n\n<li>all\u00e9es<\/li>\n\n\n\n<li>terrasses<\/li>\n\n\n\n<li>rev\u00eatements de sol \u00e0 l&#8217;int\u00e9rieur de la maison<\/li>\n\n\n\n<li>sols de garage<\/li>\n\n\n\n<li>b\u00e9ton de propret\u00e9<\/li>\n\n\n\n<li>b\u00e9ton pour chalet de jardin<\/li>\n\n\n\n<li>&#8230;<\/li>\n<\/ul>\n\n\n\n<h2 class=\"wp-block-heading\">Comment pr\u00e9parer votre chantier?<\/h2>\n\n\n\n<p>La pose d&#8217;un sol en b\u00e9ton coul\u00e9 ne s&#8217;improvise pas. On doit g\u00e9n\u00e9ralement compter une r\u00e9servation de 10 cm entre le niveau initial et le niveau fini. Nous appliquons des b\u00e9tons en pleine masse et ne pouvons le r\u00e9aliser sur n&#8217;importe quel support. A l&#8217;\u00e9preuve du temps, le b\u00e9ton coul\u00e9 a une solidit\u00e9 sans pareille s&#8217;il est appliqu\u00e9 dans les bonnes conditions. Il est donc primordial de bien pr\u00e9parer le chantier. JTS B\u00e9ton peut r\u00e9aliser ces travaux de pr\u00e9paration pour vous et nous devrons au minimum superviser le travail d\u00e9j\u00e0 effectu\u00e9 ou que vous effectuerez vous-m\u00eame avant de commencer notre travail de b\u00e9tonnage et de traitement de la dalle. <\/p>\n\n\n\n<figure class=\"wp-block-gallery aligncenter has-nested-images columns-default is-cropped wp-block-gallery-1 is-layout-flex wp-block-gallery-is-layout-flex\">\n<figure class=\"wp-block-image size-large\"><img loading=\"lazy\" decoding=\"async\" width=\"720\" height=\"960\" data-id=\"503\" src=\"http:\/\/jtsbeton.be\/wp-content\/uploads\/2023\/04\/241412510_1244042432778878_2821967862753880695_n.jpg\" alt=\"\" class=\"wp-image-503\" srcset=\"https:\/\/jtsbeton.be\/wp-content\/uploads\/2023\/04\/241412510_1244042432778878_2821967862753880695_n.jpg 720w, https:\/\/jtsbeton.be\/wp-content\/uploads\/2023\/04\/241412510_1244042432778878_2821967862753880695_n-225x300.jpg 225w, https:\/\/jtsbeton.be\/wp-content\/uploads\/2023\/04\/241412510_1244042432778878_2821967862753880695_n-600x800.jpg 600w\" sizes=\"auto, (max-width: 720px) 100vw, 720px\" \/><\/figure>\n\n\n\n<figure class=\"wp-block-image size-large\"><img loading=\"lazy\" decoding=\"async\" width=\"1024\" height=\"461\" data-id=\"413\" src=\"http:\/\/jtsbeton.be\/wp-content\/uploads\/2023\/04\/275994864_1374568816392905_3448288636232647927_n-1024x461.jpg\" alt=\"\" class=\"wp-image-413\" srcset=\"https:\/\/jtsbeton.be\/wp-content\/uploads\/2023\/04\/275994864_1374568816392905_3448288636232647927_n-1024x461.jpg 1024w, https:\/\/jtsbeton.be\/wp-content\/uploads\/2023\/04\/275994864_1374568816392905_3448288636232647927_n-300x135.jpg 300w, https:\/\/jtsbeton.be\/wp-content\/uploads\/2023\/04\/275994864_1374568816392905_3448288636232647927_n-768x346.jpg 768w, https:\/\/jtsbeton.be\/wp-content\/uploads\/2023\/04\/275994864_1374568816392905_3448288636232647927_n-600x270.jpg 600w, https:\/\/jtsbeton.be\/wp-content\/uploads\/2023\/04\/275994864_1374568816392905_3448288636232647927_n.jpg 1422w\" sizes=\"auto, (max-width: 1024px) 100vw, 1024px\" \/><\/figure>\n\n\n\n<figure class=\"wp-block-image size-large\"><img loading=\"lazy\" decoding=\"async\" width=\"768\" height=\"1024\" data-id=\"237\" src=\"http:\/\/jtsbeton.be\/wp-content\/uploads\/2023\/03\/299191536_1475594202957032_396740800008526377_n-768x1024.jpg\" alt=\"\" class=\"wp-image-237\" srcset=\"https:\/\/jtsbeton.be\/wp-content\/uploads\/2023\/03\/299191536_1475594202957032_396740800008526377_n-768x1024.jpg 768w, https:\/\/jtsbeton.be\/wp-content\/uploads\/2023\/03\/299191536_1475594202957032_396740800008526377_n-225x300.jpg 225w, https:\/\/jtsbeton.be\/wp-content\/uploads\/2023\/03\/299191536_1475594202957032_396740800008526377_n-1152x1536.jpg 1152w, https:\/\/jtsbeton.be\/wp-content\/uploads\/2023\/03\/299191536_1475594202957032_396740800008526377_n.jpg 1536w\" sizes=\"auto, (max-width: 768px) 100vw, 768px\" \/><\/figure>\n<\/figure>\n\n\n\n<p>Nous pouvons r\u00e9aliser pour vous:<\/p>\n\n\n\n<ul class=\"wp-block-list\">\n<li>Terrassement<\/li>\n\n\n\n<li>Coffrage<\/li>\n\n\n\n<li>Ferraillage<\/li>\n\n\n\n<li>pose de protections autour de la future dalle<\/li>\n\n\n\n<li>Egouttage, pose de caniveaux, de chambres de visite,&#8230;<\/li>\n\n\n\n<li>petite ma\u00e7onnerie<\/li>\n\n\n\n<li>&#8230;<\/li>\n<\/ul>\n\n\n\n<p>Avant que le b\u00e9ton ne soit pos\u00e9 et poli, Nous veillons \u00e0 ce que votre chantier soit bien pr\u00e9par\u00e9. Nous pouvons donc intervenir d\u00e8s le <strong>d\u00e9montage<\/strong> d&#8217;une structure existante, pour le <strong>terrassement<\/strong>, l&#8217;<strong>\u00e9gouttage<\/strong> le <strong>coffrage<\/strong>, le <strong>ferraillage<\/strong>, &#8230; Nous effectuons toutes les <strong>mises en place<\/strong> n\u00e9cessaires \u00e0 la r\u00e9alisation du chantier ou <strong>supervisons<\/strong> les travaux que vous r\u00e9alisez vous-m\u00eame pour vous assurer une <strong>durabilit\u00e9<\/strong> et une <strong>solidit\u00e9<\/strong> \u00e0 chaque structure en b\u00e9ton.\u00a0<\/p>\n\n\n","protected":false},"excerpt":{"rendered":"<p>Les diff\u00e9rentes techniques Le b\u00e9ton coul\u00e9 peut prendre plusieurs formes pour une finition optimale et de qualit\u00e9. En fonction du type de polissage ou du type de brossage, il est possible de donner \u00e0 la surface du b\u00e9ton diverses propri\u00e9t\u00e9s, mais \u00e9galement de lui l&#8217;apparence du bois, de pav\u00e9s, de pierres bleues,&#8230; en utilisant des &hellip; <\/p>\n<p class=\"link-more\"><a href=\"https:\/\/jtsbeton.be\/index.php\/a-quoi-ressemble-un-sol-en-beton-lisse-poli\/\" class=\"more-link\">Read more<span class=\"screen-reader-text\"> &#8220;Le B\u00e9ton liss\u00e9\/Poli, c&#8217;est quoi?&#8221;<\/span><\/a><\/p>\n","protected":false},"author":1,"featured_media":0,"parent":0,"menu_order":0,"comment_status":"closed","ping_status":"closed","template":"","meta":{"_mi_skip_tracking":false,"footnotes":""},"class_list":["post-396","page","type-page","status-publish","hentry"],"yoast_head":"<!-- This site is optimized with the Yoast SEO plugin v20.5 - https:\/\/yoast.com\/wordpress\/plugins\/seo\/ -->\n<title>Le B\u00e9ton liss\u00e9\/Poli, c&#039;est quoi? - JTS B\u00e9ton<\/title>\n<meta name=\"robots\" content=\"index, follow, max-snippet:-1, max-image-preview:large, max-video-preview:-1\" \/>\n<link rel=\"canonical\" href=\"https:\/\/jtsbeton.be\/index.php\/a-quoi-ressemble-un-sol-en-beton-lisse-poli\/\" \/>\n<meta property=\"og:locale\" content=\"en_US\" \/>\n<meta property=\"og:type\" content=\"article\" \/>\n<meta property=\"og:title\" content=\"Le B\u00e9ton liss\u00e9\/Poli, c&#039;est quoi? - JTS B\u00e9ton\" \/>\n<meta property=\"og:description\" content=\"Les diff\u00e9rentes techniques Le b\u00e9ton coul\u00e9 peut prendre plusieurs formes pour une finition optimale et de qualit\u00e9. En fonction du type de polissage ou du type de brossage, il est possible de donner \u00e0 la surface du b\u00e9ton diverses propri\u00e9t\u00e9s, mais \u00e9galement de lui l&#8217;apparence du bois, de pav\u00e9s, de pierres bleues,&#8230; en utilisant des &hellip; Read more &quot;Le B\u00e9ton liss\u00e9\/Poli, c&#8217;est quoi?&quot;\" \/>\n<meta property=\"og:url\" content=\"https:\/\/jtsbeton.be\/index.php\/a-quoi-ressemble-un-sol-en-beton-lisse-poli\/\" \/>\n<meta property=\"og:site_name\" content=\"JTS B\u00e9ton\" \/>\n<meta property=\"article:publisher\" content=\"https:\/\/www.facebook.com\/Johan.jts\/about\/?ref=page_internal\" \/>\n<meta property=\"article:modified_time\" content=\"2023-04-19T10:04:12+00:00\" \/>\n<meta property=\"og:image\" content=\"http:\/\/jtsbeton.be\/wp-content\/uploads\/2023\/04\/nuances-beton-colore.jpg\" \/>\n<meta name=\"twitter:card\" content=\"summary_large_image\" \/>\n<meta name=\"twitter:label1\" content=\"Est. reading time\" \/>\n\t<meta name=\"twitter:data1\" content=\"4 minutes\" \/>\n<script type=\"application\/ld+json\" class=\"yoast-schema-graph\">{\"@context\":\"https:\/\/schema.org\",\"@graph\":[{\"@type\":\"WebPage\",\"@id\":\"https:\/\/jtsbeton.be\/index.php\/a-quoi-ressemble-un-sol-en-beton-lisse-poli\/\",\"url\":\"https:\/\/jtsbeton.be\/index.php\/a-quoi-ressemble-un-sol-en-beton-lisse-poli\/\",\"name\":\"Le B\u00e9ton liss\u00e9\/Poli, c'est quoi? - JTS B\u00e9ton\",\"isPartOf\":{\"@id\":\"https:\/\/jtsbeton.be\/#website\"},\"datePublished\":\"2023-04-19T07:44:21+00:00\",\"dateModified\":\"2023-04-19T10:04:12+00:00\",\"breadcrumb\":{\"@id\":\"https:\/\/jtsbeton.be\/index.php\/a-quoi-ressemble-un-sol-en-beton-lisse-poli\/#breadcrumb\"},\"inLanguage\":\"en-US\",\"potentialAction\":[{\"@type\":\"ReadAction\",\"target\":[\"https:\/\/jtsbeton.be\/index.php\/a-quoi-ressemble-un-sol-en-beton-lisse-poli\/\"]}]},{\"@type\":\"BreadcrumbList\",\"@id\":\"https:\/\/jtsbeton.be\/index.php\/a-quoi-ressemble-un-sol-en-beton-lisse-poli\/#breadcrumb\",\"itemListElement\":[{\"@type\":\"ListItem\",\"position\":1,\"name\":\"Accueil\",\"item\":\"https:\/\/jtsbeton.be\/\"},{\"@type\":\"ListItem\",\"position\":2,\"name\":\"Le B\u00e9ton liss\u00e9\/Poli, c&#8217;est quoi?\"}]},{\"@type\":\"WebSite\",\"@id\":\"https:\/\/jtsbeton.be\/#website\",\"url\":\"https:\/\/jtsbeton.be\/\",\"name\":\"JTS B\u00e9ton\",\"description\":\" Contactez nous au 0474\/86.44.48\",\"publisher\":{\"@id\":\"https:\/\/jtsbeton.be\/#organization\"},\"potentialAction\":[{\"@type\":\"SearchAction\",\"target\":{\"@type\":\"EntryPoint\",\"urlTemplate\":\"https:\/\/jtsbeton.be\/?s={search_term_string}\"},\"query-input\":\"required name=search_term_string\"}],\"inLanguage\":\"en-US\"},{\"@type\":\"Organization\",\"@id\":\"https:\/\/jtsbeton.be\/#organization\",\"name\":\"JTS B\u00e9ton\",\"url\":\"https:\/\/jtsbeton.be\/\",\"logo\":{\"@type\":\"ImageObject\",\"inLanguage\":\"en-US\",\"@id\":\"https:\/\/jtsbeton.be\/#\/schema\/logo\/image\/\",\"url\":\"https:\/\/jtsbeton.be\/wp-content\/uploads\/2023\/03\/baniereblanc.png\",\"contentUrl\":\"https:\/\/jtsbeton.be\/wp-content\/uploads\/2023\/03\/baniereblanc.png\",\"width\":500,\"height\":204,\"caption\":\"JTS B\u00e9ton\"},\"image\":{\"@id\":\"https:\/\/jtsbeton.be\/#\/schema\/logo\/image\/\"},\"sameAs\":[\"https:\/\/www.facebook.com\/Johan.jts\/about\/?ref=page_internal\"]}]}<\/script>\n<!-- \/ Yoast SEO plugin. -->","yoast_head_json":{"title":"Le B\u00e9ton liss\u00e9\/Poli, c'est quoi? - JTS B\u00e9ton","robots":{"index":"index","follow":"follow","max-snippet":"max-snippet:-1","max-image-preview":"max-image-preview:large","max-video-preview":"max-video-preview:-1"},"canonical":"https:\/\/jtsbeton.be\/index.php\/a-quoi-ressemble-un-sol-en-beton-lisse-poli\/","og_locale":"en_US","og_type":"article","og_title":"Le B\u00e9ton liss\u00e9\/Poli, c'est quoi? - JTS B\u00e9ton","og_description":"Les diff\u00e9rentes techniques Le b\u00e9ton coul\u00e9 peut prendre plusieurs formes pour une finition optimale et de qualit\u00e9. En fonction du type de polissage ou du type de brossage, il est possible de donner \u00e0 la surface du b\u00e9ton diverses propri\u00e9t\u00e9s, mais \u00e9galement de lui l&#8217;apparence du bois, de pav\u00e9s, de pierres bleues,&#8230; en utilisant des &hellip; Read more \"Le B\u00e9ton liss\u00e9\/Poli, c&#8217;est quoi?\"","og_url":"https:\/\/jtsbeton.be\/index.php\/a-quoi-ressemble-un-sol-en-beton-lisse-poli\/","og_site_name":"JTS B\u00e9ton","article_publisher":"https:\/\/www.facebook.com\/Johan.jts\/about\/?ref=page_internal","article_modified_time":"2023-04-19T10:04:12+00:00","og_image":[{"url":"http:\/\/jtsbeton.be\/wp-content\/uploads\/2023\/04\/nuances-beton-colore.jpg"}],"twitter_card":"summary_large_image","twitter_misc":{"Est. reading time":"4 minutes"},"schema":{"@context":"https:\/\/schema.org","@graph":[{"@type":"WebPage","@id":"https:\/\/jtsbeton.be\/index.php\/a-quoi-ressemble-un-sol-en-beton-lisse-poli\/","url":"https:\/\/jtsbeton.be\/index.php\/a-quoi-ressemble-un-sol-en-beton-lisse-poli\/","name":"Le B\u00e9ton liss\u00e9\/Poli, c'est quoi? - JTS B\u00e9ton","isPartOf":{"@id":"https:\/\/jtsbeton.be\/#website"},"datePublished":"2023-04-19T07:44:21+00:00","dateModified":"2023-04-19T10:04:12+00:00","breadcrumb":{"@id":"https:\/\/jtsbeton.be\/index.php\/a-quoi-ressemble-un-sol-en-beton-lisse-poli\/#breadcrumb"},"inLanguage":"en-US","potentialAction":[{"@type":"ReadAction","target":["https:\/\/jtsbeton.be\/index.php\/a-quoi-ressemble-un-sol-en-beton-lisse-poli\/"]}]},{"@type":"BreadcrumbList","@id":"https:\/\/jtsbeton.be\/index.php\/a-quoi-ressemble-un-sol-en-beton-lisse-poli\/#breadcrumb","itemListElement":[{"@type":"ListItem","position":1,"name":"Accueil","item":"https:\/\/jtsbeton.be\/"},{"@type":"ListItem","position":2,"name":"Le B\u00e9ton liss\u00e9\/Poli, c&#8217;est quoi?"}]},{"@type":"WebSite","@id":"https:\/\/jtsbeton.be\/#website","url":"https:\/\/jtsbeton.be\/","name":"JTS B\u00e9ton","description":" Contactez nous au 0474\/86.44.48","publisher":{"@id":"https:\/\/jtsbeton.be\/#organization"},"potentialAction":[{"@type":"SearchAction","target":{"@type":"EntryPoint","urlTemplate":"https:\/\/jtsbeton.be\/?s={search_term_string}"},"query-input":"required name=search_term_string"}],"inLanguage":"en-US"},{"@type":"Organization","@id":"https:\/\/jtsbeton.be\/#organization","name":"JTS B\u00e9ton","url":"https:\/\/jtsbeton.be\/","logo":{"@type":"ImageObject","inLanguage":"en-US","@id":"https:\/\/jtsbeton.be\/#\/schema\/logo\/image\/","url":"https:\/\/jtsbeton.be\/wp-content\/uploads\/2023\/03\/baniereblanc.png","contentUrl":"https:\/\/jtsbeton.be\/wp-content\/uploads\/2023\/03\/baniereblanc.png","width":500,"height":204,"caption":"JTS B\u00e9ton"},"image":{"@id":"https:\/\/jtsbeton.be\/#\/schema\/logo\/image\/"},"sameAs":["https:\/\/www.facebook.com\/Johan.jts\/about\/?ref=page_internal"]}]}},"featured_media_urls":[],"_links":{"self":[{"href":"https:\/\/jtsbeton.be\/index.php\/wp-json\/wp\/v2\/pages\/396","targetHints":{"allow":["GET"]}}],"collection":[{"href":"https:\/\/jtsbeton.be\/index.php\/wp-json\/wp\/v2\/pages"}],"about":[{"href":"https:\/\/jtsbeton.be\/index.php\/wp-json\/wp\/v2\/types\/page"}],"author":[{"embeddable":true,"href":"https:\/\/jtsbeton.be\/index.php\/wp-json\/wp\/v2\/users\/1"}],"replies":[{"embeddable":true,"href":"https:\/\/jtsbeton.be\/index.php\/wp-json\/wp\/v2\/comments?post=396"}],"version-history":[{"count":4,"href":"https:\/\/jtsbeton.be\/index.php\/wp-json\/wp\/v2\/pages\/396\/revisions"}],"predecessor-version":[{"id":504,"href":"https:\/\/jtsbeton.be\/index.php\/wp-json\/wp\/v2\/pages\/396\/revisions\/504"}],"wp:attachment":[{"href":"https:\/\/jtsbeton.be\/index.php\/wp-json\/wp\/v2\/media?parent=396"}],"curies":[{"name":"wp","href":"https:\/\/api.w.org\/{rel}","templated":true}]}}