{"id":429,"date":"2023-04-19T10:19:55","date_gmt":"2023-04-19T08:19:55","guid":{"rendered":"http:\/\/jtsbeton.be\/?page_id=429"},"modified":"2023-04-19T11:54:35","modified_gmt":"2023-04-19T09:54:35","slug":"429-2","status":"publish","type":"page","link":"https:\/\/jtsbeton.be\/","title":{"rendered":"A propos de nous"},"content":{"rendered":"\n<p>Depuis 2004, notre entreprise est sp\u00e9cialis\u00e9e dans les sols en b\u00e9ton coul\u00e9s int\u00e9rieurs ou ext\u00e9rieurs. Nous nous occupons de votre projet de A \u00e0 Z et vous offrons les meilleurs r\u00e9sultats pour un b\u00e9ton personnalis\u00e9 et adapt\u00e9 \u00e0 vos besoins. Le b\u00e9ton est un mat\u00e9riaux solide, esth\u00e9tique et r\u00e9sistant qui s&#8217;adaptera \u00e0 toutes vos envies tout en vous promettant un confort d&#8217;utilisation et une facilit\u00e9 d&#8217;entretien in\u00e9gal\u00e9s. Notre savoir-faire et notre sens du d\u00e9tail font toute la diff\u00e9rence pour vos installations en b\u00e9ton coul\u00e9. Bas\u00e9s en <strong>Wallonie Picarde<\/strong>, \u00e0 <strong>Blaton<\/strong>, dans le <strong>Hainaut<\/strong> <strong>Occidental<\/strong>, nous travaillons \u00e9galement dans le <strong>Nord de la France<\/strong> et dans toute la <strong>Belgique<\/strong>. Nous saurons donner vie \u00e0 vos id\u00e9es quelles qu&#8217;elles soient et vous conseillerons au mieux selon les r\u00e9alit\u00e9s de votre chantier.   <\/p>\n\n\n\n<h2 class=\"wp-block-heading\">Une entreprise \u00e0 l&#8217;\u00e9coute de vos projets<\/h2>\n\n\n\n<p>Notre volont\u00e9 est de fournir un travail de haute qualit\u00e9 et dans les r\u00e8gles de l&#8217;art. Notre \u00e9quipe se fera un plaisir de r\u00e9pondre \u00e0 vos questions et de vous remettre un devis (gratuit) pour vos <strong>dalles de b\u00e9ton<\/strong>. Par t\u00e9l\u00e9phone au <strong>(+32) 0474\/86.44.48<\/strong> ou par e-mail \u00e0 l&#8217;adresse <strong><a href=\"mailto:johan.jts@hotmail.com\">johan.jts@hotmail.com<\/a><\/strong>. Retrouvez notre \u00e9quipe de <strong>professionnels<\/strong> \u00e0 <strong>Blaton<\/strong> (Belgique), dans le <strong>Hainaut<\/strong>. Ainsi qu&#8217;en <strong>Brabant Wallon<\/strong>, en <strong>Flandres<\/strong> et dans le <strong>Nord de la France.<\/strong><\/p>\n\n\n\n<h2 class=\"wp-block-heading\">Nos r\u00e9alisations<\/h2>\n\n\n<div class=\"wpzoom-portfolio-layout-shortcode-content\"><div class=\"wpzoom-blocks wpzoom-blocks_portfolio-block order-asc orderby-title perpage-6 show-thumbnail thumbnail-size-portfolio_item-thumbnail show-video show-author\n\t\t             show-date show-excerpt show-readmore aligncenter layout-grid columns-2 use-lightbox lightbox-with-caption post_type-portfolio_item\"><div class=\"wpzoom-blocks_portfolio-block_filter\"><ul><li class=\"cat-item-all current-cat\">\n\t\t\t\t<a href=\"https:\/\/jtsbeton.be\/index.php\/project\/\" class=\"wpz-portfolio-filter_link\">All<\/a>\n\t\t\t<\/li>\t<li class=\"cat-item cat-item-6 wpz-block-button\"><a href=\"https:\/\/jtsbeton.be\/index.php\/portfolio\/uncategorized\/\" class=\"wpz-portfolio-filter__link\">Uncategorized<\/a>\n<\/li>\n<\/ul><\/div><ul class=\"wpzoom-blocks_portfolio-block_items-list\"><li class='wpzoom-blocks_portfolio-block_item wpzoom-blocks_portfolio-block_item-408 wpzoom-blocks_portfolio-block_category-6 has-cover fade-in'  data-category='6'><article class='wpzoom-blocks_portfolio-block_item-wrap'><div class='wpzoom-blocks_portfolio-block_item-thumbnail'>\n\t\t\t\t\t\t<div class='wpzoom-blocks_portfolio-block_item-media'>\n\t\t\t\t\t\t\t<a href='https:\/\/jtsbeton.be\/index.php\/project\/beton-brut-et-radier\/' title='B\u00e9ton brut et radier' rel='bookmark'><img loading=\"lazy\" decoding=\"async\" width=\"600\" height=\"400\" src=\"https:\/\/jtsbeton.be\/wp-content\/uploads\/2023\/04\/341697852_768765111498308_3809303058392530207_n-1-600x400.jpg\" class=\"attachment-portfolio_item-thumbnail size-portfolio_item-thumbnail wp-post-image\" alt=\"\" sizes=\"auto, 100vw\" \/><\/a>\n\t\t\t\t\t\t<\/div><span class='wpzoom-blocks_portfolio-block_lightbox_icon'>\n\t\t\t\t\t\t\t\t\t\t<svg enable-background='new 0 0 32 32' id='Layer_4' version='1.1' viewBox='0 0 32 32' xml:space='preserve' xmlns='http:\/\/www.w3.org\/2000\/svg' xmlns:xlink='http:\/\/www.w3.org\/1999\/xlink'>\n\t\t\t\t\t\t\t\t\t\t\t<g>\n\t\t\t\t\t\t\t\t\t\t\t\t<rect fill='none' height='30' stroke='#fff' stroke-linejoin='round' stroke-miterlimit='10' stroke-width='2' transform='matrix(6.123234e-17 -1 1 6.123234e-17 0 32)' width='30' x='1' y='1'\/>\n\t\t\t\t\t\t\t\t\t\t\t\t\t<line fill='none' stroke='#fff' stroke-linejoin='round' stroke-miterlimit='10' stroke-width='2' x1='27' x2='5' y1='5' y2='27'\/><polyline fill='none' points='16,27 5,27 5,16' stroke='#fff' stroke-linejoin='round' stroke-miterlimit='10' stroke-width='2'\/>\n\t\t\t\t\t\t\t\t\t\t\t\t\t<polyline fill='none' points='16,5 27,5 27,16' stroke='#fff' stroke-linejoin='round' stroke-miterlimit='10' stroke-width='2'\/>\n\t\t\t\t\t\t\t\t\t\t\t<\/g>\n\t\t\t\t\t\t\t\t\t\t<\/svg>\n\t\t\t\t\t\t\t\t\t<\/span><\/div><div class='wpzoom-blocks_portfolio-block_item-details'><h3 class='wpzoom-blocks_portfolio-block_item-title'><a href='https:\/\/jtsbeton.be\/index.php\/project\/beton-brut-et-radier\/' title='B\u00e9ton brut et radier' rel='bookmark'>B\u00e9ton brut et radier<\/a><\/h3><\/div><\/article><\/li><li class='wpzoom-blocks_portfolio-block_item wpzoom-blocks_portfolio-block_item-315 wpzoom-blocks_portfolio-block_category-6 has-cover fade-in'  data-category='6'><article class='wpzoom-blocks_portfolio-block_item-wrap'><div class='wpzoom-blocks_portfolio-block_item-thumbnail'>\n\t\t\t\t\t\t<div class='wpzoom-blocks_portfolio-block_item-media'>\n\t\t\t\t\t\t\t<a href='https:\/\/jtsbeton.be\/index.php\/project\/beton-imprime\/' title='B\u00e9ton imprim\u00e9' rel='bookmark'><img loading=\"lazy\" decoding=\"async\" width=\"600\" height=\"400\" src=\"https:\/\/jtsbeton.be\/wp-content\/uploads\/2023\/04\/299280586_1475593916290394_5847585156282868311_n-600x400.jpg\" class=\"attachment-portfolio_item-thumbnail size-portfolio_item-thumbnail wp-post-image\" alt=\"\" sizes=\"auto, 100vw\" \/><\/a>\n\t\t\t\t\t\t<\/div><span class='wpzoom-blocks_portfolio-block_lightbox_icon'>\n\t\t\t\t\t\t\t\t\t\t<svg enable-background='new 0 0 32 32' id='Layer_4' version='1.1' viewBox='0 0 32 32' xml:space='preserve' xmlns='http:\/\/www.w3.org\/2000\/svg' xmlns:xlink='http:\/\/www.w3.org\/1999\/xlink'>\n\t\t\t\t\t\t\t\t\t\t\t<g>\n\t\t\t\t\t\t\t\t\t\t\t\t<rect fill='none' height='30' stroke='#fff' stroke-linejoin='round' stroke-miterlimit='10' stroke-width='2' transform='matrix(6.123234e-17 -1 1 6.123234e-17 0 32)' width='30' x='1' y='1'\/>\n\t\t\t\t\t\t\t\t\t\t\t\t\t<line fill='none' stroke='#fff' stroke-linejoin='round' stroke-miterlimit='10' stroke-width='2' x1='27' x2='5' y1='5' y2='27'\/><polyline fill='none' points='16,27 5,27 5,16' stroke='#fff' stroke-linejoin='round' stroke-miterlimit='10' stroke-width='2'\/>\n\t\t\t\t\t\t\t\t\t\t\t\t\t<polyline fill='none' points='16,5 27,5 27,16' stroke='#fff' stroke-linejoin='round' stroke-miterlimit='10' stroke-width='2'\/>\n\t\t\t\t\t\t\t\t\t\t\t<\/g>\n\t\t\t\t\t\t\t\t\t\t<\/svg>\n\t\t\t\t\t\t\t\t\t<\/span><\/div><div class='wpzoom-blocks_portfolio-block_item-details'><h3 class='wpzoom-blocks_portfolio-block_item-title'><a href='https:\/\/jtsbeton.be\/index.php\/project\/beton-imprime\/' title='B\u00e9ton imprim\u00e9' rel='bookmark'>B\u00e9ton imprim\u00e9<\/a><\/h3><\/div><\/article><\/li><li class='wpzoom-blocks_portfolio-block_item wpzoom-blocks_portfolio-block_item-324 wpzoom-blocks_portfolio-block_category-6 has-cover fade-in'  data-category='6'><article class='wpzoom-blocks_portfolio-block_item-wrap'><div class='wpzoom-blocks_portfolio-block_item-thumbnail'>\n\t\t\t\t\t\t<div class='wpzoom-blocks_portfolio-block_item-media'>\n\t\t\t\t\t\t\t<a href='https:\/\/jtsbeton.be\/index.php\/project\/beton-interieur\/' title='B\u00e9ton int\u00e9rieur' rel='bookmark'><img loading=\"lazy\" decoding=\"async\" width=\"600\" height=\"400\" src=\"https:\/\/jtsbeton.be\/wp-content\/uploads\/2023\/04\/310139132_1509922822857503_5646898151429967963_n-600x400.jpg\" class=\"attachment-portfolio_item-thumbnail size-portfolio_item-thumbnail wp-post-image\" alt=\"\" sizes=\"auto, 100vw\" \/><\/a>\n\t\t\t\t\t\t<\/div><span class='wpzoom-blocks_portfolio-block_lightbox_icon'>\n\t\t\t\t\t\t\t\t\t\t<svg enable-background='new 0 0 32 32' id='Layer_4' version='1.1' viewBox='0 0 32 32' xml:space='preserve' xmlns='http:\/\/www.w3.org\/2000\/svg' xmlns:xlink='http:\/\/www.w3.org\/1999\/xlink'>\n\t\t\t\t\t\t\t\t\t\t\t<g>\n\t\t\t\t\t\t\t\t\t\t\t\t<rect fill='none' height='30' stroke='#fff' stroke-linejoin='round' stroke-miterlimit='10' stroke-width='2' transform='matrix(6.123234e-17 -1 1 6.123234e-17 0 32)' width='30' x='1' y='1'\/>\n\t\t\t\t\t\t\t\t\t\t\t\t\t<line fill='none' stroke='#fff' stroke-linejoin='round' stroke-miterlimit='10' stroke-width='2' x1='27' x2='5' y1='5' y2='27'\/><polyline fill='none' points='16,27 5,27 5,16' stroke='#fff' stroke-linejoin='round' stroke-miterlimit='10' stroke-width='2'\/>\n\t\t\t\t\t\t\t\t\t\t\t\t\t<polyline fill='none' points='16,5 27,5 27,16' stroke='#fff' stroke-linejoin='round' stroke-miterlimit='10' stroke-width='2'\/>\n\t\t\t\t\t\t\t\t\t\t\t<\/g>\n\t\t\t\t\t\t\t\t\t\t<\/svg>\n\t\t\t\t\t\t\t\t\t<\/span><\/div><div class='wpzoom-blocks_portfolio-block_item-details'><h3 class='wpzoom-blocks_portfolio-block_item-title'><a href='https:\/\/jtsbeton.be\/index.php\/project\/beton-interieur\/' title='B\u00e9ton int\u00e9rieur' rel='bookmark'>B\u00e9ton int\u00e9rieur<\/a><\/h3><\/div><\/article><\/li><li class='wpzoom-blocks_portfolio-block_item wpzoom-blocks_portfolio-block_item-293 wpzoom-blocks_portfolio-block_category-6 has-cover fade-in'  data-category='6'><article class='wpzoom-blocks_portfolio-block_item-wrap'><div class='wpzoom-blocks_portfolio-block_item-thumbnail'>\n\t\t\t\t\t\t<div class='wpzoom-blocks_portfolio-block_item-media'>\n\t\t\t\t\t\t\t<a href='https:\/\/jtsbeton.be\/index.php\/project\/293-2\/' title='B\u00e9ton liss\u00e9 ext\u00e9rieur' rel='bookmark'><img loading=\"lazy\" decoding=\"async\" width=\"515\" height=\"400\" src=\"https:\/\/jtsbeton.be\/wp-content\/uploads\/2023\/03\/cropped-cropped-240964562_1240603069789481_7787223407983809331_n.jpg\" class=\"attachment-portfolio_item-thumbnail size-portfolio_item-thumbnail wp-post-image\" alt=\"\" srcset=\"https:\/\/jtsbeton.be\/wp-content\/uploads\/2023\/03\/cropped-cropped-240964562_1240603069789481_7787223407983809331_n.jpg 2000w, https:\/\/jtsbeton.be\/wp-content\/uploads\/2023\/03\/cropped-cropped-240964562_1240603069789481_7787223407983809331_n-300x233.jpg 300w, https:\/\/jtsbeton.be\/wp-content\/uploads\/2023\/03\/cropped-cropped-240964562_1240603069789481_7787223407983809331_n-1024x795.jpg 1024w, https:\/\/jtsbeton.be\/wp-content\/uploads\/2023\/03\/cropped-cropped-240964562_1240603069789481_7787223407983809331_n-768x596.jpg 768w, https:\/\/jtsbeton.be\/wp-content\/uploads\/2023\/03\/cropped-cropped-240964562_1240603069789481_7787223407983809331_n-1536x1193.jpg 1536w\" sizes=\"auto, 100vw\" \/><\/a>\n\t\t\t\t\t\t<\/div><span class='wpzoom-blocks_portfolio-block_lightbox_icon'>\n\t\t\t\t\t\t\t\t\t\t<svg enable-background='new 0 0 32 32' id='Layer_4' version='1.1' viewBox='0 0 32 32' xml:space='preserve' xmlns='http:\/\/www.w3.org\/2000\/svg' xmlns:xlink='http:\/\/www.w3.org\/1999\/xlink'>\n\t\t\t\t\t\t\t\t\t\t\t<g>\n\t\t\t\t\t\t\t\t\t\t\t\t<rect fill='none' height='30' stroke='#fff' stroke-linejoin='round' stroke-miterlimit='10' stroke-width='2' transform='matrix(6.123234e-17 -1 1 6.123234e-17 0 32)' width='30' x='1' y='1'\/>\n\t\t\t\t\t\t\t\t\t\t\t\t\t<line fill='none' stroke='#fff' stroke-linejoin='round' stroke-miterlimit='10' stroke-width='2' x1='27' x2='5' y1='5' y2='27'\/><polyline fill='none' points='16,27 5,27 5,16' stroke='#fff' stroke-linejoin='round' stroke-miterlimit='10' stroke-width='2'\/>\n\t\t\t\t\t\t\t\t\t\t\t\t\t<polyline fill='none' points='16,5 27,5 27,16' stroke='#fff' stroke-linejoin='round' stroke-miterlimit='10' stroke-width='2'\/>\n\t\t\t\t\t\t\t\t\t\t\t<\/g>\n\t\t\t\t\t\t\t\t\t\t<\/svg>\n\t\t\t\t\t\t\t\t\t<\/span><\/div><div class='wpzoom-blocks_portfolio-block_item-details'><h3 class='wpzoom-blocks_portfolio-block_item-title'><a href='https:\/\/jtsbeton.be\/index.php\/project\/293-2\/' title='B\u00e9ton liss\u00e9 ext\u00e9rieur' rel='bookmark'>B\u00e9ton liss\u00e9 ext\u00e9rieur<\/a><\/h3><\/div><\/article><\/li><\/ul><\/div><!--.wpzoom-blocks_portfolio-block--><style>.wpzoom-blocks_portfolio-block .wpzoom-blocks_portfolio-block_filter ul li a,\n        .wpzoom-blocks_portfolio-block.layout-list .wpzoom-blocks_portfolio-block_items-list .wpzoom-blocks_portfolio-block_item .wpzoom-blocks_portfolio-block_item-title a {\n                                    color:#000;\n                                 }.wpzoom-blocks_portfolio-block .wpzoom-blocks_portfolio-block_filter ul li a:hover,\n                         .wpzoom-blocks_portfolio-block .wpzoom-blocks_portfolio-block_filter ul li.current-cat a,\n                         .wpzoom-blocks_portfolio-block .wpzoom-blocks_portfolio-block_filter ul li.current-cat a:hover,\n                         .wpzoom-blocks_portfolio-block.layout-list .wpzoom-blocks_portfolio-block_items-list .wpzoom-blocks_portfolio-block_item .wpzoom-blocks_portfolio-block_item-title a:hover {\n\t\t\t\t\t\t\tcolor:#000000;\n\t\t                 }.wpzoom-blocks_portfolio-block .wpz-portfolio-button__link:hover,\n                        .wpzoom-blocks_portfolio-block .wpz-portfolio-button__link:focus,\n                        .wpzoom-blocks_portfolio-block .wpz-portfolio-button__link:active {\n                            background:#000000;\n                        }.wpzoom-blocks_portfolio-block .wpz-portfolio-button__link {\n\t\t\t\t\t\t\tbackground:#000;\n\t\t\t\t\t\t}.wpzoom-blocks_portfolio-block_items-list { grid-gap:32px; }<\/style><\/div>\n","protected":false},"excerpt":{"rendered":"<p>Depuis 2004, notre entreprise est sp\u00e9cialis\u00e9e dans les sols en b\u00e9ton coul\u00e9s int\u00e9rieurs ou ext\u00e9rieurs. Nous nous occupons de votre projet de A \u00e0 Z et vous offrons les meilleurs r\u00e9sultats pour un b\u00e9ton personnalis\u00e9 et adapt\u00e9 \u00e0 vos besoins. Le b\u00e9ton est un mat\u00e9riaux solide, esth\u00e9tique et r\u00e9sistant qui s&#8217;adaptera \u00e0 toutes vos envies &hellip; <\/p>\n<p class=\"link-more\"><a href=\"https:\/\/jtsbeton.be\/\" class=\"more-link\">Read more<span class=\"screen-reader-text\"> &#8220;A propos de nous&#8221;<\/span><\/a><\/p>\n","protected":false},"author":1,"featured_media":0,"parent":0,"menu_order":0,"comment_status":"closed","ping_status":"closed","template":"","meta":{"_mi_skip_tracking":false,"footnotes":""},"class_list":["post-429","page","type-page","status-publish","hentry"],"yoast_head":"<!-- This site is optimized with the Yoast SEO plugin v20.5 - https:\/\/yoast.com\/wordpress\/plugins\/seo\/ -->\n<title>A propos de nous - JTS B\u00e9ton<\/title>\n<meta name=\"robots\" content=\"index, follow, max-snippet:-1, max-image-preview:large, max-video-preview:-1\" \/>\n<link rel=\"canonical\" href=\"https:\/\/jtsbeton.be\/\" \/>\n<meta property=\"og:locale\" content=\"en_US\" \/>\n<meta property=\"og:type\" content=\"article\" \/>\n<meta property=\"og:title\" content=\"A propos de nous - JTS B\u00e9ton\" \/>\n<meta property=\"og:description\" content=\"Depuis 2004, notre entreprise est sp\u00e9cialis\u00e9e dans les sols en b\u00e9ton coul\u00e9s int\u00e9rieurs ou ext\u00e9rieurs. Nous nous occupons de votre projet de A \u00e0 Z et vous offrons les meilleurs r\u00e9sultats pour un b\u00e9ton personnalis\u00e9 et adapt\u00e9 \u00e0 vos besoins. Le b\u00e9ton est un mat\u00e9riaux solide, esth\u00e9tique et r\u00e9sistant qui s&#8217;adaptera \u00e0 toutes vos envies &hellip; Read more &quot;A propos de nous&quot;\" \/>\n<meta property=\"og:url\" content=\"https:\/\/jtsbeton.be\/\" \/>\n<meta property=\"og:site_name\" content=\"JTS B\u00e9ton\" \/>\n<meta property=\"article:publisher\" content=\"https:\/\/www.facebook.com\/Johan.jts\/about\/?ref=page_internal\" \/>\n<meta property=\"article:modified_time\" content=\"2023-04-19T09:54:35+00:00\" \/>\n<meta name=\"twitter:card\" content=\"summary_large_image\" \/>\n<meta name=\"twitter:label1\" content=\"Est. reading time\" \/>\n\t<meta name=\"twitter:data1\" content=\"2 minutes\" \/>\n<script type=\"application\/ld+json\" class=\"yoast-schema-graph\">{\"@context\":\"https:\/\/schema.org\",\"@graph\":[{\"@type\":\"WebPage\",\"@id\":\"https:\/\/jtsbeton.be\/\",\"url\":\"https:\/\/jtsbeton.be\/\",\"name\":\"A propos de nous - JTS B\u00e9ton\",\"isPartOf\":{\"@id\":\"https:\/\/jtsbeton.be\/#website\"},\"datePublished\":\"2023-04-19T08:19:55+00:00\",\"dateModified\":\"2023-04-19T09:54:35+00:00\",\"breadcrumb\":{\"@id\":\"https:\/\/jtsbeton.be\/#breadcrumb\"},\"inLanguage\":\"en-US\",\"potentialAction\":[{\"@type\":\"ReadAction\",\"target\":[\"https:\/\/jtsbeton.be\/\"]}]},{\"@type\":\"BreadcrumbList\",\"@id\":\"https:\/\/jtsbeton.be\/#breadcrumb\",\"itemListElement\":[{\"@type\":\"ListItem\",\"position\":1,\"name\":\"Accueil\",\"item\":\"https:\/\/jtsbeton.be\/\"},{\"@type\":\"ListItem\",\"position\":2,\"name\":\"A propos de nous\"}]},{\"@type\":\"WebSite\",\"@id\":\"https:\/\/jtsbeton.be\/#website\",\"url\":\"https:\/\/jtsbeton.be\/\",\"name\":\"JTS B\u00e9ton\",\"description\":\" Contactez nous au 0474\/86.44.48\",\"publisher\":{\"@id\":\"https:\/\/jtsbeton.be\/#organization\"},\"potentialAction\":[{\"@type\":\"SearchAction\",\"target\":{\"@type\":\"EntryPoint\",\"urlTemplate\":\"https:\/\/jtsbeton.be\/?s={search_term_string}\"},\"query-input\":\"required name=search_term_string\"}],\"inLanguage\":\"en-US\"},{\"@type\":\"Organization\",\"@id\":\"https:\/\/jtsbeton.be\/#organization\",\"name\":\"JTS B\u00e9ton\",\"url\":\"https:\/\/jtsbeton.be\/\",\"logo\":{\"@type\":\"ImageObject\",\"inLanguage\":\"en-US\",\"@id\":\"https:\/\/jtsbeton.be\/#\/schema\/logo\/image\/\",\"url\":\"https:\/\/jtsbeton.be\/wp-content\/uploads\/2023\/03\/baniereblanc.png\",\"contentUrl\":\"https:\/\/jtsbeton.be\/wp-content\/uploads\/2023\/03\/baniereblanc.png\",\"width\":500,\"height\":204,\"caption\":\"JTS B\u00e9ton\"},\"image\":{\"@id\":\"https:\/\/jtsbeton.be\/#\/schema\/logo\/image\/\"},\"sameAs\":[\"https:\/\/www.facebook.com\/Johan.jts\/about\/?ref=page_internal\"]}]}<\/script>\n<!-- \/ Yoast SEO plugin. -->","yoast_head_json":{"title":"A propos de nous - JTS B\u00e9ton","robots":{"index":"index","follow":"follow","max-snippet":"max-snippet:-1","max-image-preview":"max-image-preview:large","max-video-preview":"max-video-preview:-1"},"canonical":"https:\/\/jtsbeton.be\/","og_locale":"en_US","og_type":"article","og_title":"A propos de nous - JTS B\u00e9ton","og_description":"Depuis 2004, notre entreprise est sp\u00e9cialis\u00e9e dans les sols en b\u00e9ton coul\u00e9s int\u00e9rieurs ou ext\u00e9rieurs. Nous nous occupons de votre projet de A \u00e0 Z et vous offrons les meilleurs r\u00e9sultats pour un b\u00e9ton personnalis\u00e9 et adapt\u00e9 \u00e0 vos besoins. Le b\u00e9ton est un mat\u00e9riaux solide, esth\u00e9tique et r\u00e9sistant qui s&#8217;adaptera \u00e0 toutes vos envies &hellip; Read more \"A propos de nous\"","og_url":"https:\/\/jtsbeton.be\/","og_site_name":"JTS B\u00e9ton","article_publisher":"https:\/\/www.facebook.com\/Johan.jts\/about\/?ref=page_internal","article_modified_time":"2023-04-19T09:54:35+00:00","twitter_card":"summary_large_image","twitter_misc":{"Est. reading time":"2 minutes"},"schema":{"@context":"https:\/\/schema.org","@graph":[{"@type":"WebPage","@id":"https:\/\/jtsbeton.be\/","url":"https:\/\/jtsbeton.be\/","name":"A propos de nous - JTS B\u00e9ton","isPartOf":{"@id":"https:\/\/jtsbeton.be\/#website"},"datePublished":"2023-04-19T08:19:55+00:00","dateModified":"2023-04-19T09:54:35+00:00","breadcrumb":{"@id":"https:\/\/jtsbeton.be\/#breadcrumb"},"inLanguage":"en-US","potentialAction":[{"@type":"ReadAction","target":["https:\/\/jtsbeton.be\/"]}]},{"@type":"BreadcrumbList","@id":"https:\/\/jtsbeton.be\/#breadcrumb","itemListElement":[{"@type":"ListItem","position":1,"name":"Accueil","item":"https:\/\/jtsbeton.be\/"},{"@type":"ListItem","position":2,"name":"A propos de nous"}]},{"@type":"WebSite","@id":"https:\/\/jtsbeton.be\/#website","url":"https:\/\/jtsbeton.be\/","name":"JTS B\u00e9ton","description":" Contactez nous au 0474\/86.44.48","publisher":{"@id":"https:\/\/jtsbeton.be\/#organization"},"potentialAction":[{"@type":"SearchAction","target":{"@type":"EntryPoint","urlTemplate":"https:\/\/jtsbeton.be\/?s={search_term_string}"},"query-input":"required name=search_term_string"}],"inLanguage":"en-US"},{"@type":"Organization","@id":"https:\/\/jtsbeton.be\/#organization","name":"JTS B\u00e9ton","url":"https:\/\/jtsbeton.be\/","logo":{"@type":"ImageObject","inLanguage":"en-US","@id":"https:\/\/jtsbeton.be\/#\/schema\/logo\/image\/","url":"https:\/\/jtsbeton.be\/wp-content\/uploads\/2023\/03\/baniereblanc.png","contentUrl":"https:\/\/jtsbeton.be\/wp-content\/uploads\/2023\/03\/baniereblanc.png","width":500,"height":204,"caption":"JTS B\u00e9ton"},"image":{"@id":"https:\/\/jtsbeton.be\/#\/schema\/logo\/image\/"},"sameAs":["https:\/\/www.facebook.com\/Johan.jts\/about\/?ref=page_internal"]}]}},"featured_media_urls":[],"_links":{"self":[{"href":"https:\/\/jtsbeton.be\/index.php\/wp-json\/wp\/v2\/pages\/429","targetHints":{"allow":["GET"]}}],"collection":[{"href":"https:\/\/jtsbeton.be\/index.php\/wp-json\/wp\/v2\/pages"}],"about":[{"href":"https:\/\/jtsbeton.be\/index.php\/wp-json\/wp\/v2\/types\/page"}],"author":[{"embeddable":true,"href":"https:\/\/jtsbeton.be\/index.php\/wp-json\/wp\/v2\/users\/1"}],"replies":[{"embeddable":true,"href":"https:\/\/jtsbeton.be\/index.php\/wp-json\/wp\/v2\/comments?post=429"}],"version-history":[{"count":4,"href":"https:\/\/jtsbeton.be\/index.php\/wp-json\/wp\/v2\/pages\/429\/revisions"}],"predecessor-version":[{"id":498,"href":"https:\/\/jtsbeton.be\/index.php\/wp-json\/wp\/v2\/pages\/429\/revisions\/498"}],"wp:attachment":[{"href":"https:\/\/jtsbeton.be\/index.php\/wp-json\/wp\/v2\/media?parent=429"}],"curies":[{"name":"wp","href":"https:\/\/api.w.org\/{rel}","templated":true}]}}